{"id":1683,"date":"2020-09-15T06:49:03","date_gmt":"2020-09-15T06:49:03","guid":{"rendered":"https:\/\/bernardorealestate.com.mx\/index.php\/contact\/"},"modified":"2023-07-04T01:22:24","modified_gmt":"2023-07-04T01:22:24","slug":"contacto","status":"publish","type":"page","link":"https:\/\/bernardorealestate.com.mx\/index.php\/contacto\/","title":{"rendered":"Contacto"},"content":{"rendered":"\n<div data-aos= \"zoom-in-up\" data-aos-duration=\"400\" data-aos-delay=\"0\" data-aos-easing=\"ease\" data-aos-once=\"true\" class=\"wp-block-uagb-container uagb-block-83063988 alignfull uagb-is-root-container\"><div class=\"uagb-container-inner-blocks-wrap\">\n<div class=\"wp-block-uagb-advanced-heading uagb-block-f3ac9124\"><h1 class=\"uagb-heading-text\">Contactanos<\/h1><\/div>\n<\/div><\/div>\n\n\n\n<div class=\"wp-block-uagb-container uagb-block-846c139d alignfull uagb-is-root-container\"><div class=\"uagb-container-inner-blocks-wrap\">\n<div style=\"height:39px\" aria-hidden=\"true\" class=\"wp-block-spacer\"><\/div>\n<\/div><\/div>\n\n\n\n<div class=\"wp-block-uagb-container uagb-block-9db7b43b alignfull uagb-is-root-container\"><div class=\"uagb-container-inner-blocks-wrap\">\n<div class=\"wp-block-uagb-container uagb-block-7df9ec92\">\n<figure class=\"wp-block-image size-full is-style-rounded\"><img decoding=\"async\" loading=\"lazy\" width=\"900\" height=\"600\" src=\"http:\/\/bernardorealestate.com.mx\/wp-content\/uploads\/2023\/07\/kindred-spirit-mailbox-beth-turner.jpg\" alt=\"\" class=\"wp-image-2549\" srcset=\"https:\/\/bernardorealestate.com.mx\/wp-content\/uploads\/2023\/07\/kindred-spirit-mailbox-beth-turner.jpg 900w, https:\/\/bernardorealestate.com.mx\/wp-content\/uploads\/2023\/07\/kindred-spirit-mailbox-beth-turner-300x200.jpg 300w, https:\/\/bernardorealestate.com.mx\/wp-content\/uploads\/2023\/07\/kindred-spirit-mailbox-beth-turner-768x512.jpg 768w\" sizes=\"(max-width: 900px) 100vw, 900px\" \/><\/figure>\n<\/div>\n\n\n\n<div class=\"wp-block-uagb-container uagb-block-54891cf1\">\n<figure class=\"wp-block-image size-full is-style-rounded\"><img decoding=\"async\" loading=\"lazy\" width=\"750\" height=\"535\" src=\"http:\/\/bernardorealestate.com.mx\/wp-content\/uploads\/2023\/07\/como-proteger-tu-movil-en-la-playa.jpg\" alt=\"\" class=\"wp-image-2548\" srcset=\"https:\/\/bernardorealestate.com.mx\/wp-content\/uploads\/2023\/07\/como-proteger-tu-movil-en-la-playa.jpg 750w, https:\/\/bernardorealestate.com.mx\/wp-content\/uploads\/2023\/07\/como-proteger-tu-movil-en-la-playa-300x214.jpg 300w\" sizes=\"(max-width: 750px) 100vw, 750px\" \/><\/figure>\n<\/div>\n\n\n\n<div class=\"wp-block-uagb-container uagb-block-662d2132\">\n<figure class=\"wp-block-image size-large is-style-rounded\"><img decoding=\"async\" loading=\"lazy\" width=\"1024\" height=\"694\" src=\"http:\/\/bernardorealestate.com.mx\/wp-content\/uploads\/2023\/07\/f.elconfidencial.com_original_a2c_bee_e6e_a2cbeee6ef8c8b4bf5da13d1ce5a40da-1024x694.jpg\" alt=\"\" class=\"wp-image-2550\" srcset=\"https:\/\/bernardorealestate.com.mx\/wp-content\/uploads\/2023\/07\/f.elconfidencial.com_original_a2c_bee_e6e_a2cbeee6ef8c8b4bf5da13d1ce5a40da-1024x694.jpg 1024w, https:\/\/bernardorealestate.com.mx\/wp-content\/uploads\/2023\/07\/f.elconfidencial.com_original_a2c_bee_e6e_a2cbeee6ef8c8b4bf5da13d1ce5a40da-300x203.jpg 300w, https:\/\/bernardorealestate.com.mx\/wp-content\/uploads\/2023\/07\/f.elconfidencial.com_original_a2c_bee_e6e_a2cbeee6ef8c8b4bf5da13d1ce5a40da-768x520.jpg 768w, https:\/\/bernardorealestate.com.mx\/wp-content\/uploads\/2023\/07\/f.elconfidencial.com_original_a2c_bee_e6e_a2cbeee6ef8c8b4bf5da13d1ce5a40da.jpg 1200w\" sizes=\"(max-width: 1024px) 100vw, 1024px\" \/><\/figure>\n<\/div>\n<\/div><\/div>\n\n\n\n<div class=\"wp-block-uagb-container uagb-block-7a7b1ef0 alignfull uagb-is-root-container\"><div class=\"uagb-container-inner-blocks-wrap\">\n<div style=\"height:39px\" aria-hidden=\"true\" class=\"wp-block-spacer\"><\/div>\n<\/div><\/div>\n\n\n\n<div class=\"wp-block-uagb-container uagb-block-f60c2db6 alignfull uagb-is-root-container\"><div class=\"uagb-container-inner-blocks-wrap\">\n<div class=\"wp-block-uagb-container uagb-block-040e5136\">\n<div class=\"wp-block-uagb-advanced-heading uagb-block-a0dbfb42\"><h2 class=\"uagb-heading-text\">estamos listos, para hablar contigo.<\/h2><\/div>\n\n\n\n<div class=\"wp-block-uagb-advanced-heading uagb-block-9f59b56b\"><h5 class=\"uagb-heading-text\">Solo debes registrarte<\/h5><p class=\"uagb-desc-text\">Una vez llenes el formulario de registro nos contactaremos contigo a la brevedad posible para darte toda la informaci\u00f3n que requieras conocer sobre nuestro desarrollo.<\/p><\/div>\n\n\n\n<div class=\"wp-block-uagb-advanced-heading uagb-block-5ce60f1f\"><h5 class=\"uagb-heading-text\">Mantente Actualizado<\/h5><\/div>\n\n\n\n<p>No pierdas la oportunidad de estar al d\u00eda con todas nuestras ofertas, eventos y planes. As\u00ed que s\u00edguenos en nuestras redes sociales.<\/p>\n\n\n\n<iframe loading=\"lazy\" src=\"https:\/\/www.facebook.com\/plugins\/page.php?href=https%3A%2F%2Fwww.facebook.com%2Fmetatroninmobiliaria&#038;tabs&#038;width=340&#038;height=130&#038;small_header=false&#038;adapt_container_width=true&#038;hide_cover=false&#038;show_facepile=true&#038;appId\" width=\"340\" height=\"130\" style=\"border:none;overflow:hidden\" scrolling=\"no\" frameborder=\"0\" allowfullscreen=\"true\" allow=\"autoplay; clipboard-write; encrypted-media; picture-in-picture; web-share\"><\/iframe>\n<\/div>\n\n\n\n<div class=\"wp-block-uagb-container uagb-block-2bded0f6\">\n<div class=\"wp-block-uagb-advanced-heading uagb-block-634c899d\"><h2 class=\"uagb-heading-text\">Registro<\/h2><\/div>\n\n\n<div class=\"wpforms-container wpforms-block wpforms-block-d5a4e7fc-92fc-4959-9ff2-fb30b9eb9e14\" id=\"wpforms-1675\"><form id=\"wpforms-form-1675\" class=\"wpforms-validate wpforms-form\" data-formid=\"1675\" method=\"post\" enctype=\"multipart\/form-data\" action=\"\/index.php\/wp-json\/wp\/v2\/pages\/1683\" data-token=\"bb9ff4d2610dd79bf48113f4fe33a27e\"><noscript class=\"wpforms-error-noscript\">Por favor, activa JavaScript en tu navegador para completar este formulario.<\/noscript><div class=\"wpforms-field-container\"><div id=\"wpforms-1675-field_0-container\" class=\"wpforms-field wpforms-field-name\" data-field-id=\"0\"><label class=\"wpforms-field-label wpforms-label-hide\" for=\"wpforms-1675-field_0\">Nombre <span class=\"wpforms-required-label\">*<\/span><\/label><input type=\"text\" id=\"wpforms-1675-field_0\" class=\"wpforms-field-large wpforms-field-required\" name=\"wpforms[fields][0]\" placeholder=\"Tu Nombre\" required><\/div><div id=\"wpforms-1675-field_6-container\" class=\"wpforms-field wpforms-field-name\" data-field-id=\"6\"><label class=\"wpforms-field-label wpforms-label-hide\" for=\"wpforms-1675-field_6\">N\u00famero Telef\u00f3nico <span class=\"wpforms-required-label\">*<\/span><\/label><input type=\"text\" id=\"wpforms-1675-field_6\" class=\"wpforms-field-large wpforms-field-required\" name=\"wpforms[fields][6]\" placeholder=\"Tel\u00e9fono\" required><\/div><div id=\"wpforms-1675-field_1-container\" class=\"wpforms-field wpforms-field-email\" data-field-id=\"1\"><label class=\"wpforms-field-label wpforms-label-hide\" for=\"wpforms-1675-field_1\">Email <span class=\"wpforms-required-label\">*<\/span><\/label><input type=\"email\" id=\"wpforms-1675-field_1\" class=\"wpforms-field-large wpforms-field-required\" name=\"wpforms[fields][1]\" placeholder=\"Correo Electr\u00f3nico\" spellcheck=\"false\" required><\/div><div id=\"wpforms-1675-field_2-container\" class=\"wpforms-field wpforms-field-textarea\" data-field-id=\"2\"><label class=\"wpforms-field-label wpforms-label-hide\" for=\"wpforms-1675-field_2\">Mensaje <span class=\"wpforms-required-label\">*<\/span><\/label><textarea id=\"wpforms-1675-field_2\" class=\"wpforms-field-medium wpforms-field-required\" name=\"wpforms[fields][2]\" placeholder=\"Mensaje o Comentario\" required><\/textarea><\/div><\/div><!-- .wpforms-field-container --><div class=\"wpforms-field wpforms-field-hp\"><label for=\"wpforms-1675-field-hp\" class=\"wpforms-field-label\">Email<\/label><input type=\"text\" name=\"wpforms[hp]\" id=\"wpforms-1675-field-hp\" class=\"wpforms-field-medium\"><\/div><div class=\"wpforms-recaptcha-container wpforms-is-recaptcha\" ><div class=\"g-recaptcha\" data-sitekey=\"6Ld82vslAAAAAGbjxkXLJMRyZNB4f9uomolNt0ds\"><\/div><input type=\"text\" name=\"g-recaptcha-hidden\" class=\"wpforms-recaptcha-hidden\" style=\"position:absolute!important;clip:rect(0,0,0,0)!important;height:1px!important;width:1px!important;border:0!important;overflow:hidden!important;padding:0!important;margin:0!important;\" data-rule-recaptcha=\"1\"><\/div><div class=\"wpforms-submit-container\" ><input type=\"hidden\" name=\"wpforms[id]\" value=\"1675\"><input type=\"hidden\" name=\"wpforms[author]\" value=\"1\"><button type=\"submit\" name=\"wpforms[submit]\" id=\"wpforms-submit-1675\" class=\"wpforms-submit\" data-alt-text=\"Enviando...\" data-submit-text=\"Registrarse\" aria-live=\"assertive\" value=\"wpforms-submit\">Registrarse<\/button><\/div><\/form><\/div>  <!-- .wpforms-container --><\/div>\n<\/div><\/div>\n","protected":false},"excerpt":{"rendered":"<p>Contactanos estamos listos, para hablar contigo. Solo debes registrarte Una vez llenes el formulario de registro nos contactaremos contigo a la brevedad posible para darte toda la informaci\u00f3n que requieras conocer sobre nuestro desarrollo. Mantente Actualizado No pierdas la oportunidad de estar al d\u00eda con todas nuestras ofertas, eventos y planes. As\u00ed que s\u00edguenos en &hellip;<\/p>\n<p class=\"read-more\"> <a class=\"\" href=\"https:\/\/bernardorealestate.com.mx\/index.php\/contacto\/\"> <span class=\"screen-reader-text\">Contacto<\/span> Leer m\u00e1s &raquo;<\/a><\/p>\n","protected":false},"author":1,"featured_media":0,"parent":0,"menu_order":0,"comment_status":"closed","ping_status":"closed","template":"","meta":{"_uag_custom_page_level_css":"","site-sidebar-layout":"no-sidebar","site-content-layout":"plain-container","ast-global-header-display":"","ast-banner-title-visibility":"","ast-main-header-display":"","ast-hfb-above-header-display":"","ast-hfb-below-header-display":"","ast-hfb-mobile-header-display":"","site-post-title":"disabled","ast-breadcrumbs-content":"","ast-featured-img":"","footer-sml-layout":"","theme-transparent-header-meta":"enabled","adv-header-id-meta":"","stick-header-meta":"","header-above-stick-meta":"","header-main-stick-meta":"","header-below-stick-meta":""},"uagb_featured_image_src":{"full":false,"thumbnail":false,"medium":false,"medium_large":false,"large":false,"1536x1536":false,"2048x2048":false},"uagb_author_info":{"display_name":"bernardoarroyorealstate@gmail.com","author_link":"https:\/\/bernardorealestate.com.mx\/index.php\/author\/bernardoarroyorealstategmail-com\/"},"uagb_comment_info":0,"uagb_excerpt":"Contactanos estamos listos, para hablar contigo. Solo debes registrarte Una vez llenes el formulario de registro nos contactaremos contigo a la brevedad posible para darte toda la informaci\u00f3n que requieras conocer sobre nuestro desarrollo. Mantente Actualizado No pierdas la oportunidad de estar al d\u00eda con todas nuestras ofertas, eventos y planes. As\u00ed que s\u00edguenos en&hellip;","_links":{"self":[{"href":"https:\/\/bernardorealestate.com.mx\/index.php\/wp-json\/wp\/v2\/pages\/1683"}],"collection":[{"href":"https:\/\/bernardorealestate.com.mx\/index.php\/wp-json\/wp\/v2\/pages"}],"about":[{"href":"https:\/\/bernardorealestate.com.mx\/index.php\/wp-json\/wp\/v2\/types\/page"}],"author":[{"embeddable":true,"href":"https:\/\/bernardorealestate.com.mx\/index.php\/wp-json\/wp\/v2\/users\/1"}],"replies":[{"embeddable":true,"href":"https:\/\/bernardorealestate.com.mx\/index.php\/wp-json\/wp\/v2\/comments?post=1683"}],"version-history":[{"count":57,"href":"https:\/\/bernardorealestate.com.mx\/index.php\/wp-json\/wp\/v2\/pages\/1683\/revisions"}],"predecessor-version":[{"id":2551,"href":"https:\/\/bernardorealestate.com.mx\/index.php\/wp-json\/wp\/v2\/pages\/1683\/revisions\/2551"}],"wp:attachment":[{"href":"https:\/\/bernardorealestate.com.mx\/index.php\/wp-json\/wp\/v2\/media?parent=1683"}],"curies":[{"name":"wp","href":"https:\/\/api.w.org\/{rel}","templated":true}]}}