{"id":1682,"date":"2020-09-15T06:48:51","date_gmt":"2020-09-15T06:48:51","guid":{"rendered":"https:\/\/bernardorealestate.com.mx\/index.php\/services\/"},"modified":"2023-07-04T01:32:57","modified_gmt":"2023-07-04T01:32:57","slug":"amenidades","status":"publish","type":"page","link":"https:\/\/bernardorealestate.com.mx\/index.php\/amenidades\/","title":{"rendered":"Atracciones"},"content":{"rendered":"\n<div data-aos= \"fade-right\" data-aos-duration=\"400\" data-aos-delay=\"0\" data-aos-easing=\"ease\" data-aos-once=\"true\" class=\"wp-block-uagb-container uagb-block-705f602f alignfull uagb-is-root-container\"><div class=\"uagb-container-inner-blocks-wrap\">\n<div class=\"wp-block-uagb-advanced-heading uagb-block-124d6fb3\"><h1 class=\"uagb-heading-text\">atracciones<\/h1><\/div>\n<\/div><\/div>\n\n\n\n<div class=\"wp-block-uagb-container uagb-block-a007d377 alignfull uagb-is-root-container\"><div class=\"uagb-container-inner-blocks-wrap\">\n<div class=\"wp-block-uagb-advanced-heading uagb-block-16e89e19\"><h2 class=\"uagb-heading-text\">es tiempo de comenzar tus aventuras<\/h2><div class=\"uagb-separator\"><\/div><\/div>\n\n\n\n<div class=\"wp-block-uagb-container uagb-block-53d4291e\">\n<div class=\"wp-block-uagb-container uagb-block-45b45b97\">\n<div class=\"wp-block-uagb-info-box uagb-block-92ca2225 uagb-infobox__content-wrap  uagb-infobox-icon-above-title uagb-infobox-image-valign-top\"><div class=\"uagb-ifb-content\"><div class=\"uagb-ifb-image-content\"><img decoding=\"async\" src=\"http:\/\/bernardorealestate.com.mx\/wp-content\/uploads\/2023\/05\/water-summer-resort-165219.jpg\" alt=\"water, summer, resort-165219.jpg\" width=\"1280\" height=\"853\" loading=\"lazy\"\/><\/div><div class=\"uagb-ifb-title-wrap\"><h5 class=\"uagb-ifb-title\">Terraza Club<\/h5><\/div><p class=\"uagb-ifb-desc\">Divertido y espectacular ambiente donde podr\u00e1n disfrutar junto a sus familiares y amigos con zonas de piscina, hamacas y sombrillas, un ambiente exclusivo y de lujo, tanto para el d\u00eda como para la noche.<\/p><\/div><\/div>\n<\/div>\n\n\n\n<div class=\"wp-block-uagb-container uagb-block-4ba149b6\">\n<div class=\"wp-block-uagb-info-box uagb-block-56d5693d uagb-infobox__content-wrap  uagb-infobox-icon-above-title uagb-infobox-image-valign-top\"><div class=\"uagb-ifb-content\"><div class=\"uagb-ifb-image-content\"><img decoding=\"async\" src=\"http:\/\/bernardorealestate.com.mx\/wp-content\/uploads\/2023\/05\/grill-skewers-food-878001.jpg\" alt=\"grill, skewers, food-878001.jpg\" width=\"1280\" height=\"854\" loading=\"lazy\"\/><\/div><div class=\"uagb-ifb-title-wrap\"><h5 class=\"uagb-ifb-title\">Zona de Asadores<\/h5><\/div><p class=\"uagb-ifb-desc\">Contar con una Zona de Asadores, es el pretexto perfecto para reunir a los seres queridos, disfrutar de la buena comida y bebidas en un lugar fascinante.<\/p><\/div><\/div>\n<\/div>\n<\/div>\n\n\n\n<div class=\"wp-block-uagb-container uagb-block-667519c6\">\n<div class=\"wp-block-uagb-container uagb-block-ec06df73\">\n<div class=\"wp-block-uagb-info-box uagb-block-a5d879fa uagb-infobox__content-wrap  uagb-infobox-icon-above-title uagb-infobox-image-valign-top\"><div class=\"uagb-ifb-content\"><div class=\"uagb-ifb-image-content\"><img decoding=\"async\" src=\"http:\/\/bernardorealestate.com.mx\/wp-content\/uploads\/2023\/05\/dogs-puppies-watching-1845077.jpg\" alt=\"dogs, puppies, watching-1845077.jpg\" width=\"1280\" height=\"853\" loading=\"lazy\"\/><\/div><div class=\"uagb-ifb-title-wrap\"><h5 class=\"uagb-ifb-title\">Pet Park<\/h5><\/div><p class=\"uagb-ifb-desc\">Para nosotros tiene gran relevancia el cuidado, respeto y valor que tienen las mascotas para nuestra vida, y agradecer por cada una de las risas, momentos y experiencias que pasamos a su lado.<\/p><\/div><\/div>\n<\/div>\n\n\n\n<div class=\"wp-block-uagb-container uagb-block-da5a6fe4\">\n<div class=\"wp-block-uagb-info-box uagb-block-d87f3c04 uagb-infobox__content-wrap  uagb-infobox-icon-above-title uagb-infobox-image-valign-top\"><div class=\"uagb-ifb-content\"><div class=\"uagb-ifb-image-content\"><img decoding=\"async\" src=\"http:\/\/bernardorealestate.com.mx\/wp-content\/uploads\/2023\/05\/binoculars-telescope-watch-4367215.jpg\" alt=\"binoculars, telescope, watch-4367215.jpg\" width=\"1280\" height=\"853\" loading=\"lazy\"\/><\/div><div class=\"uagb-ifb-title-wrap\"><h5 class=\"uagb-ifb-title\">Mirador<\/h5><\/div><p class=\"uagb-ifb-desc\">Ubicado en un punto elevado y estrat\u00e9gico para poder apreciar y contemplar todo la belleza de la naturaleza hermosa de este para\u00edso tropical y hacer la experiencia mas \u00fanica e inolvidable.  <\/p><\/div><\/div>\n<\/div>\n<\/div>\n<\/div><\/div>\n\n\n\n<div class=\"wp-block-uagb-container uagb-block-f72214a4 alignfull uagb-is-root-container\"><div class=\"uagb-container-inner-blocks-wrap\">\n<div class=\"wp-block-uagb-container uagb-block-f58a9767\">\n<div class=\"wp-block-uagb-advanced-heading uagb-block-18f8084d\"><h3 class=\"uagb-heading-text\">Circuito de Jogging<\/h3><div class=\"uagb-separator\"><\/div><p class=\"uagb-desc-text\">El jogging es una de las actividades de fitness m\u00e1s aut\u00e9nticas ya que persigue los objetivos siguientes:<\/p><\/div>\n\n\n\n<div class=\"wp-block-uagb-icon-list uagb-block-3e02778e\"><div class=\"uagb-icon-list__wrap\">\n<div class=\"wp-block-uagb-icon-list-child uagb-block-337dd857\"><span class=\"uagb-icon-list__label\"><strong><strong><strong>Trabajar el sistema vascular perif\u00e9rico<\/strong>:<\/strong> <\/strong>Con lo que disminuye la tensi\u00f3n arterial y el riesgo de padecer enfermedades cardiovasculares.<\/span><\/div>\n\n\n\n<div class=\"wp-block-uagb-icon-list-child uagb-block-4f619c18\"><span class=\"uagb-icon-list__label\"><strong><strong><strong>Reducir el nivel de colesterol<\/strong>:<\/strong> <\/strong>Ayuda\u00a0a perder peso y a\u00a0quemar grasas.<\/span><\/div>\n\n\n\n<div class=\"wp-block-uagb-icon-list-child uagb-block-dd826407\"><span class=\"uagb-icon-list__label\"><strong><strong>Mejora la Fuerza:<\/strong> <\/strong>En la musculatura de piernas y abdomen.<\/span><\/div>\n<\/div><\/div>\n<\/div>\n\n\n\n<div class=\"wp-block-uagb-container uagb-block-931dfa08\">\n<div class=\"wp-block-uagb-advanced-heading uagb-block-8fb1b717\"><h3 class=\"uagb-heading-text\">Accesos<\/h3><div class=\"uagb-separator\"><\/div><p class=\"uagb-desc-text\">Tendr\u00e1n acceso total para actividades exclusivas en:<\/p><\/div>\n\n\n\n<div class=\"wp-block-uagb-icon-list uagb-block-8cac8290\"><div class=\"uagb-icon-list__wrap\">\n<div class=\"wp-block-uagb-icon-list-child uagb-block-91637750\"><span class=\"uagb-icon-list__label\"><strong> &#8211; Laguna<\/strong><\/span><\/div>\n\n\n\n<div class=\"wp-block-uagb-icon-list-child uagb-block-a3fe6b5f\"><span class=\"uagb-icon-list__label\"><strong> &#8211; Malec\u00f3n<\/strong><\/span><\/div>\n\n\n\n<div class=\"wp-block-uagb-icon-list-child uagb-block-45534263\"><span class=\"uagb-icon-list__label\"><strong> &#8211; Piscina<\/strong><\/span><\/div>\n\n\n\n<div class=\"wp-block-uagb-icon-list-child uagb-block-e7aba8c9\"><a target=\"_self\" aria-label=\" Cont\u00e1ctanos: para obtener informaci\u00f3n detallada de todas nuestras actividades.\" rel=\"noopener noreferrer\" href=\"https:\/\/bernardorealestate.com.mx\/index.php\/contact\/\"> <\/a><span class=\"uagb-icon-list__label\"><strong> <\/strong><br><br><strong>Cont\u00e1ctanos: <\/strong>para obtener informaci\u00f3n detallada de todas nuestras actividades.<\/span><\/div>\n<\/div><\/div>\n<\/div>\n<\/div><\/div>\n","protected":false},"excerpt":{"rendered":"<p>atracciones es tiempo de comenzar tus aventuras Circuito de Jogging El jogging es una de las actividades de fitness m\u00e1s aut\u00e9nticas ya que persigue los objetivos siguientes: Accesos Tendr\u00e1n acceso total para actividades exclusivas en:<\/p>\n","protected":false},"author":1,"featured_media":0,"parent":0,"menu_order":0,"comment_status":"closed","ping_status":"closed","template":"","meta":{"_uag_custom_page_level_css":"","site-sidebar-layout":"no-sidebar","site-content-layout":"plain-container","ast-global-header-display":"","ast-banner-title-visibility":"","ast-main-header-display":"","ast-hfb-above-header-display":"","ast-hfb-below-header-display":"","ast-hfb-mobile-header-display":"","site-post-title":"disabled","ast-breadcrumbs-content":"","ast-featured-img":"","footer-sml-layout":"","theme-transparent-header-meta":"enabled","adv-header-id-meta":"","stick-header-meta":"","header-above-stick-meta":"","header-main-stick-meta":"","header-below-stick-meta":""},"uagb_featured_image_src":{"full":false,"thumbnail":false,"medium":false,"medium_large":false,"large":false,"1536x1536":false,"2048x2048":false},"uagb_author_info":{"display_name":"bernardoarroyorealstate@gmail.com","author_link":"https:\/\/bernardorealestate.com.mx\/index.php\/author\/bernardoarroyorealstategmail-com\/"},"uagb_comment_info":0,"uagb_excerpt":"atracciones es tiempo de comenzar tus aventuras Circuito de Jogging El jogging es una de las actividades de fitness m\u00e1s aut\u00e9nticas ya que persigue los objetivos siguientes: Accesos Tendr\u00e1n acceso total para actividades exclusivas en:","_links":{"self":[{"href":"https:\/\/bernardorealestate.com.mx\/index.php\/wp-json\/wp\/v2\/pages\/1682"}],"collection":[{"href":"https:\/\/bernardorealestate.com.mx\/index.php\/wp-json\/wp\/v2\/pages"}],"about":[{"href":"https:\/\/bernardorealestate.com.mx\/index.php\/wp-json\/wp\/v2\/types\/page"}],"author":[{"embeddable":true,"href":"https:\/\/bernardorealestate.com.mx\/index.php\/wp-json\/wp\/v2\/users\/1"}],"replies":[{"embeddable":true,"href":"https:\/\/bernardorealestate.com.mx\/index.php\/wp-json\/wp\/v2\/comments?post=1682"}],"version-history":[{"count":27,"href":"https:\/\/bernardorealestate.com.mx\/index.php\/wp-json\/wp\/v2\/pages\/1682\/revisions"}],"predecessor-version":[{"id":2553,"href":"https:\/\/bernardorealestate.com.mx\/index.php\/wp-json\/wp\/v2\/pages\/1682\/revisions\/2553"}],"wp:attachment":[{"href":"https:\/\/bernardorealestate.com.mx\/index.php\/wp-json\/wp\/v2\/media?parent=1682"}],"curies":[{"name":"wp","href":"https:\/\/api.w.org\/{rel}","templated":true}]}}