{"id":1681,"date":"2020-09-15T06:48:39","date_gmt":"2020-09-15T06:48:39","guid":{"rendered":"https:\/\/bernardorealestate.com.mx\/index.php\/projects\/"},"modified":"2023-07-04T01:04:57","modified_gmt":"2023-07-04T01:04:57","slug":"ubicacion","status":"publish","type":"page","link":"https:\/\/bernardorealestate.com.mx\/index.php\/ubicacion\/","title":{"rendered":"Ubicacion"},"content":{"rendered":"\n<div data-aos= \"slide-up\" data-aos-duration=\"400\" data-aos-delay=\"0\" data-aos-easing=\"ease\" data-aos-once=\"true\" class=\"wp-block-uagb-container uagb-block-b6307d4f alignfull uagb-is-root-container\"><div class=\"uagb-container-inner-blocks-wrap\">\n<div class=\"wp-block-uagb-advanced-heading uagb-block-8908201a\"><h1 class=\"uagb-heading-text\"><strong>\u00bf<\/strong>Donde nos encontramos?<\/h1><\/div>\n<\/div><\/div>\n\n\n\n<div class=\"wp-block-uagb-container uagb-block-be4d6cdc alignfull uagb-is-root-container\"><div class=\"uagb-container-inner-blocks-wrap\">\n<div class=\"wp-block-uagb-info-box uagb-block-09b3f1a4 uagb-infobox__content-wrap  uagb-infobox-icon-above-title uagb-infobox-image-valign-top\"><div class=\"uagb-ifb-content\"><div class=\"uagb-ifb-title-wrap\"><span class=\"uagb-ifb-title-prefix\">A la orilla de una Laguna de Calma<\/span><h2 class=\"uagb-ifb-title\">A SOLO 140m del mar<\/h2><\/div><p class=\"uagb-ifb-desc\">Ubicado en el Km 31 de la carretera Chicxulb &#8211; Telchac.<\/p><\/div><\/div>\n\n\n\n<div class=\"wp-block-uagb-container uagb-block-9b50cceb\">\n<div class=\"wp-block-uagb-image uagb-block-13d1d9a9 wp-block-uagb-image--layout-default wp-block-uagb-image--effect-static wp-block-uagb-image--align-none\"><figure class=\"wp-block-uagb-image__figure\"><img decoding=\"async\" srcset=\"https:\/\/bernardorealestate.com.mx\/wp-content\/uploads\/2023\/05\/Brochure_ligero-5-1.jpg ,https:\/\/websitedemos.net\/outdoor-adventure-08\/wp-content\/uploads\/sites\/688\/2020\/09\/water-sports-01-150x150.jpg 780w, https:\/\/bernardorealestate.com.mx\/wp-content\/uploads\/2023\/05\/Brochure_ligero-5-1.jpg 360w\" sizes=\"(max-width: 480px) 150px\" src=\"https:\/\/bernardorealestate.com.mx\/wp-content\/uploads\/2023\/05\/Brochure_ligero-5-1.jpg\" alt=\"\" class=\"uag-image-1837\" width=\"360\" height=\"266\" title=\"\" loading=\"lazy\"\/><\/figure><\/div>\n\n\n\n<div class=\"wp-block-uagb-image uagb-block-da1a28a3 wp-block-uagb-image--layout-default wp-block-uagb-image--effect-static wp-block-uagb-image--align-none\"><figure class=\"wp-block-uagb-image__figure\"><img decoding=\"async\" srcset=\"https:\/\/bernardorealestate.com.mx\/wp-content\/uploads\/2023\/05\/Brochure_ligero-4-1.jpg , https:\/\/bernardorealestate.com.mx\/wp-content\/uploads\/2023\/05\/Brochure_ligero-4-1.jpg 360w\" sizes=\"(max-width: 480px) 150px\" src=\"https:\/\/bernardorealestate.com.mx\/wp-content\/uploads\/2023\/05\/Brochure_ligero-4-1.jpg\" alt=\"\" class=\"uag-image-1836\" width=\"360\" height=\"266\" title=\"\" loading=\"lazy\"\/><\/figure><\/div>\n\n\n\n<div class=\"wp-block-uagb-image uagb-block-4a301c3b wp-block-uagb-image--layout-default wp-block-uagb-image--effect-static wp-block-uagb-image--align-none\"><figure class=\"wp-block-uagb-image__figure\"><img decoding=\"async\" srcset=\"https:\/\/bernardorealestate.com.mx\/wp-content\/uploads\/2023\/05\/img-melia-cayo-coco-1-scaled.jpeg , https:\/\/bernardorealestate.com.mx\/wp-content\/uploads\/2023\/05\/img-melia-cayo-coco-1-scaled.jpeg 360w\" sizes=\"(max-width: 480px) 150px\" src=\"https:\/\/bernardorealestate.com.mx\/wp-content\/uploads\/2023\/05\/img-melia-cayo-coco-1-scaled.jpeg\" alt=\"\" class=\"uag-image-1842\" width=\"360\" height=\"266\" title=\"\" loading=\"lazy\"\/><\/figure><\/div>\n\n\n\n<div class=\"wp-block-uagb-image uagb-block-48c0b26a wp-block-uagb-image--layout-default wp-block-uagb-image--effect-static wp-block-uagb-image--align-none\"><figure class=\"wp-block-uagb-image__figure\"><img decoding=\"async\" srcset=\"https:\/\/bernardorealestate.com.mx\/wp-content\/uploads\/2023\/05\/Brochure_ligero-3-2.jpg ,https:\/\/websitedemos.net\/outdoor-adventure-08\/wp-content\/uploads\/sites\/688\/2020\/09\/water-sports-04-150x150.jpg 780w, https:\/\/bernardorealestate.com.mx\/wp-content\/uploads\/2023\/05\/Brochure_ligero-3-2.jpg 360w\" sizes=\"(max-width: 480px) 150px\" src=\"https:\/\/bernardorealestate.com.mx\/wp-content\/uploads\/2023\/05\/Brochure_ligero-3-2.jpg\" alt=\"\" class=\"uag-image-1835\" width=\"360\" height=\"266\" title=\"\" loading=\"lazy\"\/><\/figure><\/div>\n<\/div>\n<\/div><\/div>\n\n\n\n<div class=\"wp-block-uagb-container uagb-block-b333f254 alignfull uagb-is-root-container\"><div class=\"uagb-container-inner-blocks-wrap\">\n<div class=\"wp-block-uagb-info-box uagb-block-87ac17ba uagb-infobox__content-wrap  uagb-infobox-icon-above-title uagb-infobox-image-valign-top\"><div class=\"uagb-ifb-content\"><div class=\"uagb-ifb-title-wrap\"><span class=\"uagb-ifb-title-prefix\">Aprecia el paisaje desde lo alto<\/span><h2 class=\"uagb-ifb-title\">Ubicacion satelital<\/h2><\/div><\/div><\/div>\n\n\n\t\t\t<div \n\t\t\tclass=\"wp-block-uagb-google-map uagb-google-map__wrap uagb-block-572745a6    \"\n\t\t\tstyle=\"\" >\n\t\t\t\t<iframe\n\t\t\t\t\tclass=\"uagb-google-map__iframe\"\n\t\t\t\t\ttitle=\"Google Map for \"\n\t\t\t\t\tsrc=\"https:\/\/maps.google.com\/maps?q=8JJJ%2B3P%20Cayo%20Coco%20Terrenos%20de%20Venta%2C%2097405%20Xtamp%C3%BA%2C%20Yuc.%2C%20M%C3%A9xico&#038;z=15&#038;hl=es&#038;t=m&#038;output=embed&#038;iwloc=near\"\n\t\t\t\t\twidth=\"640\"\n\t\t\t\t\theight=\"399\"\n\t\t\t\t\tloading=\"lazy\"\n\t\t\t\t><\/iframe>\n\t\t\t<\/div>\n\t\t\t<\/div><\/div>\n\n\n\n<div class=\"wp-block-uagb-container uagb-block-90490eae alignfull uagb-is-root-container\"><div class=\"uagb-container-inner-blocks-wrap\">\n<div class=\"wp-block-uagb-container uagb-block-7c3e2145\">\n<div class=\"wp-block-uagb-container uagb-block-6c1c2a2d\">\n<div class=\"wp-block-uagb-image uagb-block-c517e3f2 wp-block-uagb-image--layout-default wp-block-uagb-image--effect-static wp-block-uagb-image--align-none uag-hide-tab uag-hide-mob\"><figure class=\"wp-block-uagb-image__figure\"><img decoding=\"async\" srcset=\"https:\/\/bernardorealestate.com.mx\/wp-content\/uploads\/2023\/05\/Mapa-CayoCoco-1024x576_01.gif ,https:\/\/websitedemos.net\/outdoor-adventure-08\/wp-content\/uploads\/sites\/688\/2020\/09\/water-sports-01-150x150.jpg 780w, https:\/\/bernardorealestate.com.mx\/wp-content\/uploads\/2023\/05\/Mapa-CayoCoco-1024x576_01.gif 360w\" sizes=\"(max-width: 480px) 150px\" src=\"https:\/\/bernardorealestate.com.mx\/wp-content\/uploads\/2023\/05\/Mapa-CayoCoco-1024x576_01.gif\" alt=\"\" class=\"uag-image-2276\" width=\"225\" height=\"300\" title=\"\" loading=\"lazy\"\/><\/figure><\/div>\n\n\n\n<div class=\"wp-block-uagb-image uagb-block-2945f928 wp-block-uagb-image--layout-default wp-block-uagb-image--effect-static wp-block-uagb-image--align-none uag-hide-tab uag-hide-mob\"><figure class=\"wp-block-uagb-image__figure\"><img decoding=\"async\" srcset=\"https:\/\/bernardorealestate.com.mx\/wp-content\/uploads\/2023\/05\/Mapa-CayoCoco-1024x576_02.gif , https:\/\/bernardorealestate.com.mx\/wp-content\/uploads\/2023\/05\/Mapa-CayoCoco-1024x576_02.gif 360w\" sizes=\"(max-width: 480px) 150px\" src=\"https:\/\/bernardorealestate.com.mx\/wp-content\/uploads\/2023\/05\/Mapa-CayoCoco-1024x576_02.gif\" alt=\"\" class=\"uag-image-2277\" width=\"225\" height=\"300\" title=\"\" loading=\"lazy\"\/><\/figure><\/div>\n\n\n\n<div class=\"wp-block-uagb-image uagb-block-6c5b7141 wp-block-uagb-image--layout-default wp-block-uagb-image--effect-static wp-block-uagb-image--align-none\"><figure class=\"wp-block-uagb-image__figure\"><img decoding=\"async\" srcset=\"https:\/\/bernardorealestate.com.mx\/wp-content\/uploads\/2023\/05\/Mapa-CayoCoco-1024x576_03.gif , https:\/\/bernardorealestate.com.mx\/wp-content\/uploads\/2023\/05\/Mapa-CayoCoco-1024x576_03.gif 360w\" sizes=\"(max-width: 480px) 150px\" src=\"https:\/\/bernardorealestate.com.mx\/wp-content\/uploads\/2023\/05\/Mapa-CayoCoco-1024x576_03.gif\" alt=\"\" class=\"uag-image-2278\" width=\"225\" height=\"300\" title=\"\" loading=\"lazy\"\/><\/figure><\/div>\n\n\n\n<div class=\"wp-block-uagb-image uagb-block-33bb5fc4 wp-block-uagb-image--layout-default wp-block-uagb-image--effect-static wp-block-uagb-image--align-none\"><figure class=\"wp-block-uagb-image__figure\"><img decoding=\"async\" srcset=\"https:\/\/bernardorealestate.com.mx\/wp-content\/uploads\/2023\/05\/Mapa-CayoCoco-1024x576_04.gif ,https:\/\/websitedemos.net\/outdoor-adventure-08\/wp-content\/uploads\/sites\/688\/2020\/09\/water-sports-04-150x150.jpg 780w, https:\/\/bernardorealestate.com.mx\/wp-content\/uploads\/2023\/05\/Mapa-CayoCoco-1024x576_04.gif 360w\" sizes=\"(max-width: 480px) 150px\" src=\"https:\/\/bernardorealestate.com.mx\/wp-content\/uploads\/2023\/05\/Mapa-CayoCoco-1024x576_04.gif\" alt=\"\" class=\"uag-image-2279\" width=\"225\" height=\"300\" title=\"\" loading=\"lazy\"\/><\/figure><\/div>\n<\/div>\n<\/div>\n\n\n\n<div class=\"wp-block-uagb-info-box uagb-block-1ffedea0 uagb-infobox__content-wrap  uagb-infobox-icon-above-title uagb-infobox-image-valign-top\"><div class=\"uagb-ifb-content\"><div class=\"uagb-ifb-title-wrap\"><span class=\"uagb-ifb-title-prefix\"><a href=\"https:\/\/bernardorealestate.com.mx\/index.php\/contacto\/\">Cont\u00e1ctanos<\/a> para mas detalles.<\/span><h2 class=\"uagb-ifb-title\">no dejes pasar esta gran oportunidad<\/h2><\/div><p class=\"uagb-ifb-desc\">Dise\u00f1a y construye la propiedad de tus sue\u00f1os a tu gusto y conveniencia. Cayo Coco se adapta a tu estilo y te ofrece terrenos de inversiones, planes de financiamiento y comodidad, donde puedes construir y tener la libertad de hacer de tus sue\u00f1os una realidad. Adem\u00e1s, puedes invertir en la propiedad y venderla a un precio m\u00e1s elevado en el futuro. Disfruta de lo bueno que tiene la naturaleza para ofrecerte, conecta con la armon\u00eda y tranquilidad de las personas que habitan en el lugar, porque el buen vivir forma parte esencial de una vida sana y placentera.<\/p><\/div><\/div>\n\n\n\n<div class=\"wp-block-uagb-container uagb-block-1fa5ecde\">\n<div class=\"wp-block-uagb-image aligncenter uagb-block-ab698fdf wp-block-uagb-image--layout-default wp-block-uagb-image--effect-static wp-block-uagb-image--align-center\"><figure class=\"wp-block-uagb-image__figure\"><img decoding=\"async\" srcset=\"https:\/\/bernardorealestate.com.mx\/wp-content\/uploads\/2023\/05\/Brochure_ligero-7-scaled.jpg ,http:\/\/bernardorealestate.com.mx\/wp-content\/uploads\/2020\/09\/camp-1.jpg 780w, https:\/\/bernardorealestate.com.mx\/wp-content\/uploads\/2023\/05\/Brochure_ligero-7-scaled.jpg 360w\" sizes=\"(max-width: 480px) 150px\" src=\"https:\/\/bernardorealestate.com.mx\/wp-content\/uploads\/2023\/05\/Brochure_ligero-7-scaled.jpg\" alt=\"\" class=\"uag-image-1956\" width=\"698\" height=\"680\" title=\"\" loading=\"lazy\"\/><\/figure><\/div>\n\n\n\n<div class=\"wp-block-uagb-image aligncenter uagb-block-f17a354f wp-block-uagb-image--layout-default wp-block-uagb-image--effect-static wp-block-uagb-image--align-center\"><figure class=\"wp-block-uagb-image__figure\"><img decoding=\"async\" srcset=\"https:\/\/bernardorealestate.com.mx\/wp-content\/uploads\/2023\/05\/WhatsApp_Image_2023-05-11_at_12.49.40_PM.jpeg ,http:\/\/bernardorealestate.com.mx\/wp-content\/uploads\/2020\/09\/camp-4.jpg 780w, https:\/\/bernardorealestate.com.mx\/wp-content\/uploads\/2023\/05\/WhatsApp_Image_2023-05-11_at_12.49.40_PM.jpeg 360w\" sizes=\"(max-width: 480px) 150px\" src=\"https:\/\/bernardorealestate.com.mx\/wp-content\/uploads\/2023\/05\/WhatsApp_Image_2023-05-11_at_12.49.40_PM.jpeg\" alt=\"\" class=\"uag-image-2025\" width=\"720\" height=\"680\" title=\"\" loading=\"lazy\"\/><\/figure><\/div>\n<\/div>\n\n\n\n<div style=\"height:80px\" aria-hidden=\"true\" class=\"wp-block-spacer\"><\/div>\n<\/div><\/div>\n","protected":false},"excerpt":{"rendered":"<p>\u00bfDonde nos encontramos?<\/p>\n","protected":false},"author":1,"featured_media":0,"parent":0,"menu_order":0,"comment_status":"closed","ping_status":"closed","template":"","meta":{"_uag_custom_page_level_css":"","site-sidebar-layout":"no-sidebar","site-content-layout":"plain-container","ast-global-header-display":"","ast-banner-title-visibility":"","ast-main-header-display":"","ast-hfb-above-header-display":"","ast-hfb-below-header-display":"","ast-hfb-mobile-header-display":"","site-post-title":"disabled","ast-breadcrumbs-content":"","ast-featured-img":"","footer-sml-layout":"","theme-transparent-header-meta":"enabled","adv-header-id-meta":"","stick-header-meta":"","header-above-stick-meta":"","header-main-stick-meta":"","header-below-stick-meta":""},"uagb_featured_image_src":{"full":false,"thumbnail":false,"medium":false,"medium_large":false,"large":false,"1536x1536":false,"2048x2048":false},"uagb_author_info":{"display_name":"bernardoarroyorealstate@gmail.com","author_link":"https:\/\/bernardorealestate.com.mx\/index.php\/author\/bernardoarroyorealstategmail-com\/"},"uagb_comment_info":0,"uagb_excerpt":"\u00bfDonde nos encontramos?","_links":{"self":[{"href":"https:\/\/bernardorealestate.com.mx\/index.php\/wp-json\/wp\/v2\/pages\/1681"}],"collection":[{"href":"https:\/\/bernardorealestate.com.mx\/index.php\/wp-json\/wp\/v2\/pages"}],"about":[{"href":"https:\/\/bernardorealestate.com.mx\/index.php\/wp-json\/wp\/v2\/types\/page"}],"author":[{"embeddable":true,"href":"https:\/\/bernardorealestate.com.mx\/index.php\/wp-json\/wp\/v2\/users\/1"}],"replies":[{"embeddable":true,"href":"https:\/\/bernardorealestate.com.mx\/index.php\/wp-json\/wp\/v2\/comments?post=1681"}],"version-history":[{"count":108,"href":"https:\/\/bernardorealestate.com.mx\/index.php\/wp-json\/wp\/v2\/pages\/1681\/revisions"}],"predecessor-version":[{"id":2544,"href":"https:\/\/bernardorealestate.com.mx\/index.php\/wp-json\/wp\/v2\/pages\/1681\/revisions\/2544"}],"wp:attachment":[{"href":"https:\/\/bernardorealestate.com.mx\/index.php\/wp-json\/wp\/v2\/media?parent=1681"}],"curies":[{"name":"wp","href":"https:\/\/api.w.org\/{rel}","templated":true}]}}