{"id":1680,"date":"2020-09-15T06:48:29","date_gmt":"2020-09-15T06:48:29","guid":{"rendered":"https:\/\/bernardorealestate.com.mx\/index.php\/about\/"},"modified":"2023-07-04T00:55:33","modified_gmt":"2023-07-04T00:55:33","slug":"desarrollo","status":"publish","type":"page","link":"https:\/\/bernardorealestate.com.mx\/index.php\/desarrollo\/","title":{"rendered":"Desarrollo"},"content":{"rendered":"\n<div data-aos= \"fade-left\" data-aos-duration=\"400\" data-aos-delay=\"0\" data-aos-easing=\"ease\" data-aos-once=\"true\" class=\"wp-block-uagb-container uagb-block-c668699a alignfull uagb-is-root-container\"><div class=\"uagb-container-inner-blocks-wrap\">\n<div class=\"wp-block-uagb-advanced-heading uagb-block-6381e9af\"><h1 class=\"uagb-heading-text\"><strong>\u00bf<\/strong>de que se trata?<\/h1><\/div>\n<\/div><\/div>\n\n\n\n<div class=\"wp-block-uagb-container uagb-block-57948aae alignfull uagb-is-root-container\"><div class=\"uagb-container-inner-blocks-wrap\">\n<div class=\"wp-block-uagb-container uagb-block-5e627b6d\">\n<div class=\"wp-block-uagb-advanced-heading uagb-block-d5124b6e\"><h2 class=\"uagb-heading-text\">NUESTRA VISION<\/h2><div class=\"uagb-separator\"><\/div><p class=\"uagb-desc-text\">Cayo Coco es un proyecto inmobiliario alojado en una zona que por si sola ya desprende un aura de paz. Un espacio habitacional en el cual tendr\u00e1s la oportunidad de desarrollar la vivienda <br>de tus sue\u00f1os. Con 8000m2 de \u00e1reas verdes y amenidades que junto a su cercan\u00eda a la costa y un acceso directo a la laguna le brindan un gran atractivo a todas las personas que busquen un <br>espacio para vivir lejos del caos de la ciudad o como herramienta de inversi\u00f3n.<\/p><\/div>\n\n\n\n<p>El malec\u00f3n del proyecto ser\u00e1 la oportunidad perfecta para caminar, correr o andar en bicicleta mientras contemplas una laguna m\u00edstica cuya \u00fanica competencia resulta ser la hermosa Costa Esmeralda del puerto de San Bruno, a solo 140 metros del proyecto. Es uno de los 11 municipios costeros que pertenecen a esta Riviera y a una zona exclusiva bautizada as\u00ed gracias al verde de sus playas y al estar a menos de una hora de la ciudad de M\u00e9rida podr\u00e1s encontrar un para\u00edso digno de cualquiera con la voluntad de explorar su lado m\u00e1s natural.<\/p>\n\n\n\n<p>Por esta raz\u00f3n se ha convertido en un atractivo y en un verdadero para\u00edso. Una de las Riviera m\u00e1s hermosas, tiene parte de los elementos naturales m\u00e1s atractivos y representativos de Yucat\u00e1n: playas, cenotes, ojos de agua, cavernas submarinas y bosques tropicales. Sitios donde la naturaleza se encuentra en cada rinc\u00f3n.<\/p>\n<\/div>\n\n\n\n<div class=\"wp-block-uagb-container uagb-block-d7afb581\">\n<div class=\"wp-block-uagb-image uagb-block-9cfd15dc wp-block-uagb-image--layout-default wp-block-uagb-image--effect-static wp-block-uagb-image--align-none\"><figure class=\"wp-block-uagb-image__figure\"><img decoding=\"async\" srcset=\"https:\/\/bernardorealestate.com.mx\/wp-content\/uploads\/2023\/05\/ETAPA_CAYO_COCO-copia.jpg \" sizes=\"(max-width: 480px) 150px\" src=\"https:\/\/bernardorealestate.com.mx\/wp-content\/uploads\/2023\/05\/ETAPA_CAYO_COCO-copia.jpg\" alt=\"\" class=\"uag-image-2118\" width=\"750\" height=\"630\" title=\"\" loading=\"lazy\"\/><\/figure><\/div>\n<\/div>\n<\/div><\/div>\n\n\n\n<div class=\"wp-block-uagb-container uagb-block-4a82afb1 alignfull uagb-is-root-container\"><div class=\"uagb-container-inner-blocks-wrap\">\n<div class=\"wp-block-uagb-container uagb-block-8e5c34be\">\n<div class=\"wp-block-uagb-advanced-heading uagb-block-3c8aa4f9\"><h4 class=\"uagb-heading-text\">Experiencias Extraordinarias<\/h4><div class=\"uagb-separator\"><\/div><p class=\"uagb-desc-text\">Disfruta de lo bueno que tiene la naturaleza para ofrecerte, conecta con la armon\u00eda y tranquilidad de las personas que habitan en el lugar porque el buen vivir forma parte esencial de una vida sana y llena de disfrute.<br><br>Si buscas un ambiente ecol\u00f3gico ubicado en la costa de Yucat\u00e1n, Cayo Coco es la opci\u00f3n ideal para lograrlo, sin sacrificar el confort y las comodidades de la vida moderna.<br><br><br><br><\/p><\/div>\n<\/div>\n\n\n\n<div class=\"wp-block-uagb-container uagb-block-a04b032b\">\n<div class=\"wp-block-uagb-advanced-heading uagb-block-a489bb11\"><h4 class=\"uagb-heading-text\">Caracteristicas<\/h4><div class=\"uagb-separator\"><\/div><p class=\"uagb-desc-text\">El proyecto contar\u00e1 con 5 etapas que representa m\u00e1s de 1000 lotes, numerosas \u00e1reas verdes y espacios dise\u00f1ados para<br>promover la convivencia y brindarte un v\u00ednculo con la naturaleza.<\/p><\/div>\n\n\n\n<div class=\"wp-block-uagb-icon-list uagb-block-7089401f\"><div class=\"uagb-icon-list__wrap\">\n<div class=\"wp-block-uagb-icon-list-child uagb-block-364ed202\"><span class=\"uagb-icon-list__source-wrap\"><svg xmlns=\"https:\/\/www.w3.org\/2000\/svg\" viewBox=\"0 0 448 512\"><path d=\"M400 288h-352c-17.69 0-32-14.32-32-32.01s14.31-31.99 32-31.99h352c17.69 0 32 14.3 32 31.99S417.7 288 400 288z\"><\/path><\/svg><\/span><span class=\"uagb-icon-list__label\">Lotes desde 160m2.<\/span><\/div>\n\n\n\n<div class=\"wp-block-uagb-icon-list-child uagb-block-6b68bd9f\"><span class=\"uagb-icon-list__source-wrap\"><svg xmlns=\"https:\/\/www.w3.org\/2000\/svg\" viewBox=\"0 0 448 512\"><path d=\"M400 288h-352c-17.69 0-32-14.32-32-32.01s14.31-31.99 32-31.99h352c17.69 0 32 14.3 32 31.99S417.7 288 400 288z\"><\/path><\/svg><\/span><span class=\"uagb-icon-list__label\">M\u00e1s de 8,000m2 de amenidades y \u00e1reas<br>verdes en etapa 1.<\/span><\/div>\n\n\n\n<div class=\"wp-block-uagb-icon-list-child uagb-block-79375513\"><span class=\"uagb-icon-list__source-wrap\"><svg xmlns=\"https:\/\/www.w3.org\/2000\/svg\" viewBox=\"0 0 448 512\"><path d=\"M400 288h-352c-17.69 0-32-14.32-32-32.01s14.31-31.99 32-31.99h352c17.69 0 32 14.3 32 31.99S417.7 288 400 288z\"><\/path><\/svg><\/span><span class=\"uagb-icon-list__label\">Acceso a la laguna.<\/span><\/div>\n\n\n\n<div class=\"wp-block-uagb-icon-list-child uagb-block-63811f56\"><a target=\"_self\" aria-label=\"Para mas detalles de precios, ofertas y planes cont\u00e1ctanos.\" rel=\"noopener noreferrer\" href=\"\/\/bernardorealestate.com.mx\/index.php\/contact\/\"> <\/a><span class=\"uagb-icon-list__source-wrap\"><svg xmlns=\"https:\/\/www.w3.org\/2000\/svg\" viewBox=\"0 0 448 512\"><path d=\"M400 288h-352c-17.69 0-32-14.32-32-32.01s14.31-31.99 32-31.99h352c17.69 0 32 14.3 32 31.99S417.7 288 400 288z\"><\/path><\/svg><\/span><span class=\"uagb-icon-list__label\">Para mas detalles de precios, ofertas y planes <strong>cont\u00e1ctanos.<\/strong><\/span><\/div>\n<\/div><\/div>\n<\/div>\n<\/div><\/div>\n","protected":false},"excerpt":{"rendered":"<p>\u00bfde que se trata? NUESTRA VISION Cayo Coco es un proyecto inmobiliario alojado en una zona que por si sola ya desprende un aura de paz. Un espacio habitacional en el cual tendr\u00e1s la oportunidad de desarrollar la vivienda de tus sue\u00f1os. Con 8000m2 de \u00e1reas verdes y amenidades que junto a su cercan\u00eda a &hellip;<\/p>\n<p class=\"read-more\"> <a class=\"\" href=\"https:\/\/bernardorealestate.com.mx\/index.php\/desarrollo\/\"> <span class=\"screen-reader-text\">Desarrollo<\/span> Leer m\u00e1s &raquo;<\/a><\/p>\n","protected":false},"author":1,"featured_media":0,"parent":0,"menu_order":0,"comment_status":"closed","ping_status":"closed","template":"","meta":{"_uag_custom_page_level_css":"","site-sidebar-layout":"no-sidebar","site-content-layout":"plain-container","ast-global-header-display":"","ast-banner-title-visibility":"","ast-main-header-display":"","ast-hfb-above-header-display":"","ast-hfb-below-header-display":"","ast-hfb-mobile-header-display":"","site-post-title":"disabled","ast-breadcrumbs-content":"","ast-featured-img":"disabled","footer-sml-layout":"","theme-transparent-header-meta":"enabled","adv-header-id-meta":"","stick-header-meta":"","header-above-stick-meta":"","header-main-stick-meta":"","header-below-stick-meta":""},"uagb_featured_image_src":{"full":false,"thumbnail":false,"medium":false,"medium_large":false,"large":false,"1536x1536":false,"2048x2048":false},"uagb_author_info":{"display_name":"bernardoarroyorealstate@gmail.com","author_link":"https:\/\/bernardorealestate.com.mx\/index.php\/author\/bernardoarroyorealstategmail-com\/"},"uagb_comment_info":0,"uagb_excerpt":"\u00bfde que se trata? NUESTRA VISION Cayo Coco es un proyecto inmobiliario alojado en una zona que por si sola ya desprende un aura de paz. Un espacio habitacional en el cual tendr\u00e1s la oportunidad de desarrollar la vivienda de tus sue\u00f1os. Con 8000m2 de \u00e1reas verdes y amenidades que junto a su cercan\u00eda a&hellip;","_links":{"self":[{"href":"https:\/\/bernardorealestate.com.mx\/index.php\/wp-json\/wp\/v2\/pages\/1680"}],"collection":[{"href":"https:\/\/bernardorealestate.com.mx\/index.php\/wp-json\/wp\/v2\/pages"}],"about":[{"href":"https:\/\/bernardorealestate.com.mx\/index.php\/wp-json\/wp\/v2\/types\/page"}],"author":[{"embeddable":true,"href":"https:\/\/bernardorealestate.com.mx\/index.php\/wp-json\/wp\/v2\/users\/1"}],"replies":[{"embeddable":true,"href":"https:\/\/bernardorealestate.com.mx\/index.php\/wp-json\/wp\/v2\/comments?post=1680"}],"version-history":[{"count":47,"href":"https:\/\/bernardorealestate.com.mx\/index.php\/wp-json\/wp\/v2\/pages\/1680\/revisions"}],"predecessor-version":[{"id":2539,"href":"https:\/\/bernardorealestate.com.mx\/index.php\/wp-json\/wp\/v2\/pages\/1680\/revisions\/2539"}],"wp:attachment":[{"href":"https:\/\/bernardorealestate.com.mx\/index.php\/wp-json\/wp\/v2\/media?parent=1680"}],"curies":[{"name":"wp","href":"https:\/\/api.w.org\/{rel}","templated":true}]}}